{"id":397,"date":"2025-03-26T08:29:48","date_gmt":"2025-03-26T07:29:48","guid":{"rendered":"https:\/\/psychoseksuolog.com.pl\/dev\/?page_id=397"},"modified":"2025-04-04T11:08:32","modified_gmt":"2025-04-04T09:08:32","slug":"superwizje","status":"publish","type":"page","link":"https:\/\/psychoseksuolog.com.pl\/dev\/superwizje\/","title":{"rendered":"Superwizje"},"content":{"rendered":"\t\t<div data-elementor-type=\"wp-page\" data-elementor-id=\"397\" class=\"elementor elementor-397\" data-elementor-post-type=\"page\">\n\t\t\t\t<div class=\"elementor-element elementor-element-66182e4a e-flex e-con-boxed e-con e-parent\" data-id=\"66182e4a\" data-element_type=\"container\" data-settings=\"{&quot;background_background&quot;:&quot;classic&quot;}\">\n\t\t\t\t\t<div class=\"e-con-inner\">\n\t\t<div class=\"elementor-element elementor-element-43681073 e-con-full e-flex e-con e-child\" data-id=\"43681073\" data-element_type=\"container\">\n\t\t\t\t<\/div>\n\t\t\t\t\t<\/div>\n\t\t\t\t<\/div>\n\t\t<div class=\"elementor-element elementor-element-a7faa6e e-flex e-con-boxed e-con e-parent\" data-id=\"a7faa6e\" data-element_type=\"container\">\n\t\t\t\t\t<div class=\"e-con-inner\">\n\t\t<div class=\"elementor-element elementor-element-f0c0105 e-con-full e-flex e-con e-child\" data-id=\"f0c0105\" data-element_type=\"container\">\n\t\t\t\t<div class=\"elementor-element elementor-element-79bebb1 elementor-widget elementor-widget-heading\" data-id=\"79bebb1\" data-element_type=\"widget\" data-widget_type=\"heading.default\">\n\t\t\t\t<div class=\"elementor-widget-container\">\n\t\t\t\t\t<h2 class=\"elementor-heading-title elementor-size-default\">Superwizje pod okiem profesjonalisty<\/h2>\t\t\t\t<\/div>\n\t\t\t\t<\/div>\n\t\t\t\t<div class=\"elementor-element elementor-element-1fe36ea elementor-widget__width-initial elementor-widget elementor-widget-heading\" data-id=\"1fe36ea\" data-element_type=\"widget\" data-widget_type=\"heading.default\">\n\t\t\t\t<div class=\"elementor-widget-container\">\n\t\t\t\t\t<p class=\"elementor-heading-title elementor-size-default\">Niebawem pojawi si\u0119 wi\u0119cej informacji dotycz\u0105cych superwizji. Dla profesjonalist\u00f3w pracuj\u0105cych w obszarach zdrowia psychicznego oraz seksualnego prowadz\u0119 indywidualn\u0105 <span style=\"font-weight:bold\">interwizj\u0119<\/span>.\n<span style=\"display:none;\">\n<br><br>\nW kontek\u015bcie psychoterapii superwizja jest form\u0105 wsparcia dla praktykuj\u0105cych terapeut\u00f3w, maj\u0105c\u0105 na celu rozw\u00f3j i\/lub wzmacnianie ich zawodowych kompetencji. Dzi\u0119ki niej terapeuci \u2028mog\u0105 pracowa\u0107 z poczuciem bezpiecze\u0144stwa, maj\u0105c pewno\u015b\u0107, \u017ce zapewniaj\u0105 pacjentom najwy\u017cszy standard opieki. S\u0142owo \u201esuperwizja\u201d pochodzi od angielskiego \u201esupervision\u201d, \u2028kt\u00f3re z kolei wywodzi si\u0119 z \u0142aciny i oznacza \u201enadz\u00f3r\u201d. \n<\/span>\n<br><br>\nSuperwizja jest kluczowym elementem kszta\u0142cenia psychoterapeut\u00f3w, niezale\u017cnie \u2028od stosowanego modelu teoretycznego. To proces, w kt\u00f3rym superwizor wykorzystuje \u2028swoj\u0105 wiedz\u0119 i do\u015bwiadczenie, by obserwowa\u0107 prac\u0119 superwizanta, pomaga\u0107 mu w wyborze odpowiednich technik i strategii oraz oferowa\u0107 cenne wskaz\u00f3wki. Dzi\u0119ki szerszej perspektywie superwizor mo\u017ce spojrze\u0107 na terapi\u0119 prowadzon\u0105 przez superwizanta z dystansu i dostrzec aspekty, kt\u00f3re mog\u0105 umkn\u0105\u0107 samemu terapeucie.<\/p>\t\t\t\t<\/div>\n\t\t\t\t<\/div>\n\t\t\t\t<\/div>\n\t\t<div class=\"elementor-element elementor-element-e99efc6 e-con-full e-flex e-con e-child\" data-id=\"e99efc6\" data-element_type=\"container\">\n\t\t\t\t<div class=\"elementor-element elementor-element-f99a56b elementor-widget elementor-widget-image\" data-id=\"f99a56b\" data-element_type=\"widget\" data-widget_type=\"image.default\">\n\t\t\t\t<div class=\"elementor-widget-container\">\n\t\t\t\t\t\t\t\t\t\t\t\t\t\t\t<img fetchpriority=\"high\" decoding=\"async\" width=\"432\" height=\"530\" src=\"https:\/\/psychoseksuolog.com.pl\/dev\/wp-content\/uploads\/2025\/03\/Rectangle-2.png\" class=\"attachment-large size-large wp-image-411\" alt=\"\" srcset=\"https:\/\/psychoseksuolog.com.pl\/dev\/wp-content\/uploads\/2025\/03\/Rectangle-2.png 432w, https:\/\/psychoseksuolog.com.pl\/dev\/wp-content\/uploads\/2025\/03\/Rectangle-2-245x300.png 245w\" sizes=\"(max-width: 432px) 100vw, 432px\" \/>\t\t\t\t\t\t\t\t\t\t\t\t\t\t\t<\/div>\n\t\t\t\t<\/div>\n\t\t\t\t<\/div>\n\t\t\t\t\t<\/div>\n\t\t\t\t<\/div>\n\t\t<div class=\"elementor-element elementor-element-681fb813 e-flex e-con-boxed e-con e-parent\" data-id=\"681fb813\" data-element_type=\"container\" data-settings=\"{&quot;background_background&quot;:&quot;gradient&quot;}\">\n\t\t\t\t\t<div class=\"e-con-inner\">\n\t\t<div class=\"elementor-element elementor-element-14c6d062 e-con-full e-flex e-con e-child\" data-id=\"14c6d062\" data-element_type=\"container\">\n\t\t\t\t<div class=\"elementor-element elementor-element-2a755448 animated-slow elementor-invisible elementor-widget elementor-widget-image\" data-id=\"2a755448\" data-element_type=\"widget\" data-settings=\"{&quot;_animation&quot;:&quot;fadeInUp&quot;}\" data-widget_type=\"image.default\">\n\t\t\t\t<div class=\"elementor-widget-container\">\n\t\t\t\t\t\t\t\t\t\t\t\t\t\t\t<img decoding=\"async\" width=\"594\" height=\"617\" src=\"https:\/\/psychoseksuolog.com.pl\/dev\/wp-content\/uploads\/2025\/03\/front-view-woman-therapy-3-1.png\" class=\"attachment-full size-full wp-image-403\" alt=\"\" srcset=\"https:\/\/psychoseksuolog.com.pl\/dev\/wp-content\/uploads\/2025\/03\/front-view-woman-therapy-3-1.png 594w, https:\/\/psychoseksuolog.com.pl\/dev\/wp-content\/uploads\/2025\/03\/front-view-woman-therapy-3-1-289x300.png 289w\" sizes=\"(max-width: 594px) 100vw, 594px\" \/>\t\t\t\t\t\t\t\t\t\t\t\t\t\t\t<\/div>\n\t\t\t\t<\/div>\n\t\t\t\t<\/div>\n\t\t<div class=\"elementor-element elementor-element-9315bcf e-con-full e-flex e-con e-child\" data-id=\"9315bcf\" data-element_type=\"container\">\n\t\t\t\t<div class=\"elementor-element elementor-element-5253a28c elementor-widget elementor-widget-heading\" data-id=\"5253a28c\" data-element_type=\"widget\" data-widget_type=\"heading.default\">\n\t\t\t\t<div class=\"elementor-widget-container\">\n\t\t\t\t\t<h6 class=\"elementor-heading-title elementor-size-default\">Zanim si\u0119 skontaktujesz<\/h6>\t\t\t\t<\/div>\n\t\t\t\t<\/div>\n\t\t\t\t<div class=\"elementor-element elementor-element-e8c390b elementor-widget elementor-widget-heading\" data-id=\"e8c390b\" data-element_type=\"widget\" data-widget_type=\"heading.default\">\n\t\t\t\t<div class=\"elementor-widget-container\">\n\t\t\t\t\t<h2 class=\"elementor-heading-title elementor-size-default\">Co musisz wiedzie\u0107?<\/h2>\t\t\t\t<\/div>\n\t\t\t\t<\/div>\n\t\t\t\t<div class=\"elementor-element elementor-element-214f2f80 elementor-tablet-align-center elementor-icon-list--layout-traditional elementor-list-item-link-full_width elementor-widget elementor-widget-icon-list\" data-id=\"214f2f80\" data-element_type=\"widget\" data-widget_type=\"icon-list.default\">\n\t\t\t\t<div class=\"elementor-widget-container\">\n\t\t\t\t\t\t\t<ul class=\"elementor-icon-list-items\">\n\t\t\t\t\t\t\t<li class=\"elementor-icon-list-item\">\n\t\t\t\t\t\t\t\t\t\t\t<span class=\"elementor-icon-list-icon\">\n\t\t\t\t\t\t\t<svg aria-hidden=\"true\" class=\"e-font-icon-svg e-fas-check-circle\" viewBox=\"0 0 512 512\" xmlns=\"http:\/\/www.w3.org\/2000\/svg\"><path d=\"M504 256c0 136.967-111.033 248-248 248S8 392.967 8 256 119.033 8 256 8s248 111.033 248 248zM227.314 387.314l184-184c6.248-6.248 6.248-16.379 0-22.627l-22.627-22.627c-6.248-6.249-16.379-6.249-22.628 0L216 308.118l-70.059-70.059c-6.248-6.248-16.379-6.248-22.628 0l-22.627 22.627c-6.248 6.248-6.248 16.379 0 22.627l104 104c6.249 6.249 16.379 6.249 22.628.001z\"><\/path><\/svg>\t\t\t\t\t\t<\/span>\n\t\t\t\t\t\t\t\t\t\t<span class=\"elementor-icon-list-text\">Wkr\u00f3tce otworz\u0119 przew\u00f3d certyfikacyjny \u2028na superwizora aplikanta z seksuologii <\/span>\n\t\t\t\t\t\t\t\t\t<\/li>\n\t\t\t\t\t\t\t\t<li class=\"elementor-icon-list-item\">\n\t\t\t\t\t\t\t\t\t\t\t<span class=\"elementor-icon-list-icon\">\n\t\t\t\t\t\t\t<svg aria-hidden=\"true\" class=\"e-font-icon-svg e-fas-check-circle\" viewBox=\"0 0 512 512\" xmlns=\"http:\/\/www.w3.org\/2000\/svg\"><path d=\"M504 256c0 136.967-111.033 248-248 248S8 392.967 8 256 119.033 8 256 8s248 111.033 248 248zM227.314 387.314l184-184c6.248-6.248 6.248-16.379 0-22.627l-22.627-22.627c-6.248-6.249-16.379-6.249-22.628 0L216 308.118l-70.059-70.059c-6.248-6.248-16.379-6.248-22.628 0l-22.627 22.627c-6.248 6.248-6.248 16.379 0 22.627l104 104c6.249 6.249 16.379 6.249 22.628.001z\"><\/path><\/svg>\t\t\t\t\t\t<\/span>\n\t\t\t\t\t\t\t\t\t\t<span class=\"elementor-icon-list-text\">Nast\u0119pnie otworz\u0119 przew\u00f3d certyfikacyjny\u2028z terapii poznawczo-behawioralnej<\/span>\n\t\t\t\t\t\t\t\t\t<\/li>\n\t\t\t\t\t\t\t\t<li class=\"elementor-icon-list-item\">\n\t\t\t\t\t\t\t\t\t\t\t<span class=\"elementor-icon-list-icon\">\n\t\t\t\t\t\t\t<svg aria-hidden=\"true\" class=\"e-font-icon-svg e-fas-check-circle\" viewBox=\"0 0 512 512\" xmlns=\"http:\/\/www.w3.org\/2000\/svg\"><path d=\"M504 256c0 136.967-111.033 248-248 248S8 392.967 8 256 119.033 8 256 8s248 111.033 248 248zM227.314 387.314l184-184c6.248-6.248 6.248-16.379 0-22.627l-22.627-22.627c-6.248-6.249-16.379-6.249-22.628 0L216 308.118l-70.059-70.059c-6.248-6.248-16.379-6.248-22.628 0l-22.627 22.627c-6.248 6.248-6.248 16.379 0 22.627l104 104c6.249 6.249 16.379 6.249 22.628.001z\"><\/path><\/svg>\t\t\t\t\t\t<\/span>\n\t\t\t\t\t\t\t\t\t\t<span class=\"elementor-icon-list-text\">Nied\u0142ugo pojawi si\u0119 wi\u0119cej informacji \u2028w temacie superwizji<\/span>\n\t\t\t\t\t\t\t\t\t<\/li>\n\t\t\t\t\t\t<\/ul>\n\t\t\t\t\t\t<\/div>\n\t\t\t\t<\/div>\n\t\t\t\t<div class=\"elementor-element elementor-element-55765f69 elementor-tablet-align-center elementor-widget__width-initial elementor-widget elementor-widget-button\" data-id=\"55765f69\" data-element_type=\"widget\" data-widget_type=\"button.default\">\n\t\t\t\t<div class=\"elementor-widget-container\">\n\t\t\t\t\t\t\t\t\t<div class=\"elementor-button-wrapper\">\n\t\t\t\t\t<a class=\"elementor-button elementor-button-link elementor-size-sm elementor-animation-grow\" href=\"https:\/\/psychoseksuolog.com.pl\/dev\/kontakt\/\">\n\t\t\t\t\t\t<span class=\"elementor-button-content-wrapper\">\n\t\t\t\t\t\t\t\t\t<span class=\"elementor-button-text\">Kontakt<\/span>\n\t\t\t\t\t<\/span>\n\t\t\t\t\t<\/a>\n\t\t\t\t<\/div>\n\t\t\t\t\t\t\t\t<\/div>\n\t\t\t\t<\/div>\n\t\t\t\t<\/div>\n\t\t\t\t\t<\/div>\n\t\t\t\t<\/div>\n\t\t\t\t<\/div>\n\t\t\n    <div class=\"xs_social_share_widget xs_share_url after_content \t\tmain_content  wslu-style-1 wslu-share-box-shaped wslu-fill-colored wslu-none wslu-share-horizontal wslu-theme-font-no wslu-main_content\">\n\n\t\t\n        <ul>\n\t\t\t        <\/ul>\n    <\/div> \n","protected":false},"excerpt":{"rendered":"<p>Superwizje pod okiem profesjonalisty Niebawem pojawi si\u0119 wi\u0119cej informacji dotycz\u0105cych superwizji. Dla profesjonalist\u00f3w pracuj\u0105cych w obszarach zdrowia psychicznego oraz seksualnego prowadz\u0119 indywidualn\u0105 interwizj\u0119. W kontek\u015bcie psychoterapii superwizja jest form\u0105 wsparcia dla praktykuj\u0105cych terapeut\u00f3w, maj\u0105c\u0105 na celu rozw\u00f3j i\/lub wzmacnianie ich zawodowych kompetencji. Dzi\u0119ki niej terapeuci \u2028mog\u0105 pracowa\u0107 z poczuciem bezpiecze\u0144stwa, maj\u0105c pewno\u015b\u0107, \u017ce zapewniaj\u0105 pacjentom [&hellip;]<\/p>\n","protected":false},"author":1,"featured_media":0,"parent":0,"menu_order":0,"comment_status":"closed","ping_status":"closed","template":"","meta":{"inline_featured_image":false,"footnotes":""},"class_list":["post-397","page","type-page","status-publish","hentry"],"_links":{"self":[{"href":"https:\/\/psychoseksuolog.com.pl\/dev\/wp-json\/wp\/v2\/pages\/397","targetHints":{"allow":["GET"]}}],"collection":[{"href":"https:\/\/psychoseksuolog.com.pl\/dev\/wp-json\/wp\/v2\/pages"}],"about":[{"href":"https:\/\/psychoseksuolog.com.pl\/dev\/wp-json\/wp\/v2\/types\/page"}],"author":[{"embeddable":true,"href":"https:\/\/psychoseksuolog.com.pl\/dev\/wp-json\/wp\/v2\/users\/1"}],"replies":[{"embeddable":true,"href":"https:\/\/psychoseksuolog.com.pl\/dev\/wp-json\/wp\/v2\/comments?post=397"}],"version-history":[{"count":46,"href":"https:\/\/psychoseksuolog.com.pl\/dev\/wp-json\/wp\/v2\/pages\/397\/revisions"}],"predecessor-version":[{"id":1558,"href":"https:\/\/psychoseksuolog.com.pl\/dev\/wp-json\/wp\/v2\/pages\/397\/revisions\/1558"}],"wp:attachment":[{"href":"https:\/\/psychoseksuolog.com.pl\/dev\/wp-json\/wp\/v2\/media?parent=397"}],"curies":[{"name":"wp","href":"https:\/\/api.w.org\/{rel}","templated":true}]}}