{"id":474,"date":"2025-03-26T12:11:58","date_gmt":"2025-03-26T11:11:58","guid":{"rendered":"https:\/\/psychoseksuolog.com.pl\/dev\/?page_id=474"},"modified":"2025-04-01T08:26:05","modified_gmt":"2025-04-01T06:26:05","slug":"strefa-pacjenta","status":"publish","type":"page","link":"https:\/\/psychoseksuolog.com.pl\/dev\/strefa-pacjenta\/","title":{"rendered":"Strefa pacjenta"},"content":{"rendered":"\t\t<div data-elementor-type=\"wp-page\" data-elementor-id=\"474\" class=\"elementor elementor-474\" data-elementor-post-type=\"page\">\n\t\t\t\t<div class=\"elementor-element elementor-element-224e8c74 e-flex e-con-boxed e-con e-parent\" data-id=\"224e8c74\" data-element_type=\"container\" data-settings=\"{&quot;background_background&quot;:&quot;classic&quot;}\">\n\t\t\t\t\t<div class=\"e-con-inner\">\n\t\t<div class=\"elementor-element elementor-element-45a4ba4f e-con-full e-flex e-con e-child\" data-id=\"45a4ba4f\" data-element_type=\"container\">\n\t\t\t\t<\/div>\n\t\t\t\t\t<\/div>\n\t\t\t\t<\/div>\n\t\t<div class=\"elementor-element elementor-element-55ecf342 e-flex e-con-boxed e-con e-parent\" data-id=\"55ecf342\" data-element_type=\"container\">\n\t\t\t\t\t<div class=\"e-con-inner\">\n\t\t\t\t<div class=\"elementor-element elementor-element-382b7e1f ekit-blog-posts--bg-hover bg-hover-classic elementor-widget elementor-widget-elementskit-blog-posts\" data-id=\"382b7e1f\" data-element_type=\"widget\" data-widget_type=\"elementskit-blog-posts.default\">\n\t\t\t\t<div class=\"elementor-widget-container\">\n\t\t\t\t\t<div class=\"ekit-wid-con\" >        <div id=\"post-items--382b7e1f\" class=\"row post-items\" data-masonry-config=\"true\">\n                    <div class=\"col-lg-4 col-md-6\">\n\n                                    <div class=\"elementskit-post-image-card\">\n                        <div class=\"elementskit-entry-header\">\n                                                            <a href=\"https:\/\/psychoseksuolog.com.pl\/dev\/porozmawiajmy-krotki-wywiad-o-seksualnosci\/\" class=\"elementskit-entry-thumb\">\n                                    <img decoding=\"async\" src=\"https:\/\/psychoseksuolog.com.pl\/dev\/wp-content\/uploads\/2025\/03\/Rectangle-37-1-1.png\" alt=\"Porozmawiajmy &#8211; kr\u00f3tki wywiad o seksualno\u015bci\">\n                                <\/a><!-- .elementskit-entry-thumb END -->\n                                                                                                    <div class=\"elementskit-meta-lists elementskit-style-tag\">\n                                        <div class=\"elementskit-single-meta triangle_left\"><span class=\"elementskit-meta-wraper\"><strong>04<\/strong>kwi<\/span><\/div>\n                                    <\/div>\n                                                                                            \n                                                            <div class=\"elementskit-meta-categories\">\n                                    <span class=\"elementskit-meta-wraper\">\n                                        <span><a href=\"https:\/\/psychoseksuolog.com.pl\/dev\/category\/strefa-pacjenta\/seksualnosc\/\" rel=\"category tag\">Seksualno\u015b\u0107<\/a><\/span>\n                                    <\/span>\n                                <\/div>\n                            \n\t\t\t\t\t\t\t\t\t\t\t\t\t<\/div><!-- .elementskit-entry-header END -->\n\n\t\t\t\t\t\t<div class=\"elementskit-post-body \">\n\t\t\t\t\t\t\t\n\t\t\t\t\t\t\t\t\t\t\t\t\t\t\t\t\t\t\t\t\t\t\t\t\t\t\t\t\t\t\n\t\t\t\t\t\t\t\t\n\t\t\t\t\t\t\t\t\t\t\t\t\t\t\t\t\t\t\t\t\t<h2 class=\"entry-title\">\n\t\t\t\t\t<a href=\"https:\/\/psychoseksuolog.com.pl\/dev\/porozmawiajmy-krotki-wywiad-o-seksualnosci\/\">\n\t\t\t\t\t\tPorozmawiajmy &#8211; kr\u00f3tki wywiad o seksualno\u015bci\t\t\t\t\t<\/a>\n\t\t\t\t<\/h2>\n\t\t\t\t\t\t\t\t\t\t\t\t\t\t\t\t\t\t\t\t\t\t\t\t\t\t\t\t\t\t\t\t\t\t\t\t\t\t\t\t\t\t<p>Seksuolog czyli w zasadzie kto? PFC: Profesjonalista, kt\u00f3ry zajmuje si\u0119 leczeniem, poradnictwem, terapi\u0105 w obszarze \u017cycia seksualnego.Seksuologiem w Polsce&hellip;<\/p>\n\t\t\t\t\t\t\t\t\t\t\t\t\t\t\t\t\t\t\t\t\t\t                                                    <\/div><!-- .elementskit-post-body END -->\n                    <\/div>\n                \n            <\/div>\n                    <div class=\"col-lg-4 col-md-6\">\n\n                                    <div class=\"elementskit-post-image-card\">\n                        <div class=\"elementskit-entry-header\">\n                                                            <a href=\"https:\/\/psychoseksuolog.com.pl\/dev\/pierwsza-wizyta\/\" class=\"elementskit-entry-thumb\">\n                                    <img decoding=\"async\" src=\"https:\/\/psychoseksuolog.com.pl\/dev\/wp-content\/uploads\/2025\/03\/Rectangle-37-3.png\" alt=\"Pierwsza\u2028 wizyta\">\n                                <\/a><!-- .elementskit-entry-thumb END -->\n                                                                                                    <div class=\"elementskit-meta-lists elementskit-style-tag\">\n                                        <div class=\"elementskit-single-meta triangle_left\"><span class=\"elementskit-meta-wraper\"><strong>31<\/strong>mar<\/span><\/div>\n                                    <\/div>\n                                                                                            \n                                                            <div class=\"elementskit-meta-categories\">\n                                    <span class=\"elementskit-meta-wraper\">\n                                        <span><a href=\"https:\/\/psychoseksuolog.com.pl\/dev\/category\/strefa-pacjenta\/w-gabinecie\/\" rel=\"category tag\">W gabinecie<\/a><\/span>\n                                    <\/span>\n                                <\/div>\n                            \n\t\t\t\t\t\t\t\t\t\t\t\t\t<\/div><!-- .elementskit-entry-header END -->\n\n\t\t\t\t\t\t<div class=\"elementskit-post-body \">\n\t\t\t\t\t\t\t\n\t\t\t\t\t\t\t\t\t\t\t\t\t\t\t\t\t\t\t\t\t\t\t\t\t\t\t\t\t\t\n\t\t\t\t\t\t\t\t\n\t\t\t\t\t\t\t\t\t\t\t\t\t\t\t\t\t\t\t\t\t<h2 class=\"entry-title\">\n\t\t\t\t\t<a href=\"https:\/\/psychoseksuolog.com.pl\/dev\/pierwsza-wizyta\/\">\n\t\t\t\t\t\tPierwsza\u2028 wizyta\t\t\t\t\t<\/a>\n\t\t\t\t<\/h2>\n\t\t\t\t\t\t\t\t\t\t\t\t\t\t\t\t\t\t\t\t\t\t\t\t\t\t\t\t\t\t\t\t\t\t\t\t\t\t\t\t\t\t<p>Obawy zwi\u0105zane z wizyt\u0105 u psychologa s\u0105 zupe\u0142nie normalne. L\u0119k przed ocen\u0105 czy krytyk\u0105 decyzji lub zachowa\u0144, \u2028kt\u00f3re zostan\u0105&hellip;<\/p>\n\t\t\t\t\t\t\t\t\t\t\t\t\t\t\t\t\t\t\t\t\t\t                                                    <\/div><!-- .elementskit-post-body END -->\n                    <\/div>\n                \n            <\/div>\n                    <div class=\"col-lg-4 col-md-6\">\n\n                                    <div class=\"elementskit-post-image-card\">\n                        <div class=\"elementskit-entry-header\">\n                                                            <a href=\"https:\/\/psychoseksuolog.com.pl\/dev\/jak-zbudowac-silna-wiez\/\" class=\"elementskit-entry-thumb\">\n                                    <img decoding=\"async\" src=\"https:\/\/psychoseksuolog.com.pl\/dev\/wp-content\/uploads\/2025\/03\/Rectangle-37.png\" alt=\"Jak zbudowa\u0107 siln\u0105 wi\u0119\u017a\">\n                                <\/a><!-- .elementskit-entry-thumb END -->\n                                                                                                    <div class=\"elementskit-meta-lists elementskit-style-tag\">\n                                        <div class=\"elementskit-single-meta triangle_left\"><span class=\"elementskit-meta-wraper\"><strong>26<\/strong>mar<\/span><\/div>\n                                    <\/div>\n                                                                                            \n                                                            <div class=\"elementskit-meta-categories\">\n                                    <span class=\"elementskit-meta-wraper\">\n                                        <span><a href=\"https:\/\/psychoseksuolog.com.pl\/dev\/category\/strefa-pacjenta\/terapia-par\/\" rel=\"category tag\">Terapia par<\/a><\/span>\n                                    <\/span>\n                                <\/div>\n                            \n\t\t\t\t\t\t\t\t\t\t\t\t\t<\/div><!-- .elementskit-entry-header END -->\n\n\t\t\t\t\t\t<div class=\"elementskit-post-body \">\n\t\t\t\t\t\t\t\n\t\t\t\t\t\t\t\t\t\t\t\t\t\t\t\t\t\t\t\t\t\t\t\t\t\t\t\t\t\t\n\t\t\t\t\t\t\t\t\n\t\t\t\t\t\t\t\t\t\t\t\t\t\t\t\t\t\t\t\t\t<h2 class=\"entry-title\">\n\t\t\t\t\t<a href=\"https:\/\/psychoseksuolog.com.pl\/dev\/jak-zbudowac-silna-wiez\/\">\n\t\t\t\t\t\tJak zbudowa\u0107 siln\u0105 wi\u0119\u017a\t\t\t\t\t<\/a>\n\t\t\t\t<\/h2>\n\t\t\t\t\t\t\t\t\t\t\t\t\t\t\t\t\t\t\t\t\t\t\t\t\t\t\t\t\t\t\t\t\t\t\t\t\t\t\t\t\t\t<p>Relacje mi\u0119dzyludzkie, szczeg\u00f3lnie te romantyczne, mog\u0105 by\u0107 pe\u0142ne wyzwa\u0144. Czasami zbli\u017cenie si\u0119 do partnera \u2028wymaga wi\u0119kszego zaanga\u017cowania, a to,&hellip;<\/p>\n\t\t\t\t\t\t\t\t\t\t\t\t\t\t\t\t\t\t\t\t\t\t                                                    <\/div><!-- .elementskit-post-body END -->\n                    <\/div>\n                \n            <\/div>\n                    <div class=\"col-lg-4 col-md-6\">\n\n                                    <div class=\"elementskit-post-image-card\">\n                        <div class=\"elementskit-entry-header\">\n                                                            <a href=\"https:\/\/psychoseksuolog.com.pl\/dev\/grupa-wsparcia-dla-osob-ze-srodowiska-gsrd\/\" class=\"elementskit-entry-thumb\">\n                                    <img decoding=\"async\" src=\"https:\/\/psychoseksuolog.com.pl\/dev\/wp-content\/uploads\/2025\/03\/Rectangle-37-4.png\" alt=\"Grupa wsparcia dla os\u00f3b ze \u015brodowiska GSRD\">\n                                <\/a><!-- .elementskit-entry-thumb END -->\n                                                                                                    <div class=\"elementskit-meta-lists elementskit-style-tag\">\n                                        <div class=\"elementskit-single-meta triangle_left\"><span class=\"elementskit-meta-wraper\"><strong>24<\/strong>mar<\/span><\/div>\n                                    <\/div>\n                                                                                            \n                                                            <div class=\"elementskit-meta-categories\">\n                                    <span class=\"elementskit-meta-wraper\">\n                                        <span><a href=\"https:\/\/psychoseksuolog.com.pl\/dev\/category\/strefa-pacjenta\/seksualnosc\/\" rel=\"category tag\">Seksualno\u015b\u0107<\/a><\/span>\n                                    <\/span>\n                                <\/div>\n                            \n\t\t\t\t\t\t\t\t\t\t\t\t\t<\/div><!-- .elementskit-entry-header END -->\n\n\t\t\t\t\t\t<div class=\"elementskit-post-body \">\n\t\t\t\t\t\t\t\n\t\t\t\t\t\t\t\t\t\t\t\t\t\t\t\t\t\t\t\t\t\t\t\t\t\t\t\t\t\t\n\t\t\t\t\t\t\t\t\n\t\t\t\t\t\t\t\t\t\t\t\t\t\t\t\t\t\t\t\t\t<h2 class=\"entry-title\">\n\t\t\t\t\t<a href=\"https:\/\/psychoseksuolog.com.pl\/dev\/grupa-wsparcia-dla-osob-ze-srodowiska-gsrd\/\">\n\t\t\t\t\t\tGrupa wsparcia dla os\u00f3b ze \u015brodowiska GSRD\t\t\t\t\t<\/a>\n\t\t\t\t<\/h2>\n\t\t\t\t\t\t\t\t\t\t\t\t\t\t\t\t\t\t\t\t\t\t\t\t\t\t\t\t\t\t\t\t\t\t\t\t\t\t\t\t\t\t<p>Zapraszam serdecznie na spotkanie grupy wsparcia dla os\u00f3b ze \u015brodowiska GSRD, w szczeg\u00f3lno\u015bci dla os\u00f3b \u2028transp\u0142ciowych i ich bliskich.&hellip;<\/p>\n\t\t\t\t\t\t\t\t\t\t\t\t\t\t\t\t\t\t\t\t\t\t                                                    <\/div><!-- .elementskit-post-body END -->\n                    <\/div>\n                \n            <\/div>\n                    <div class=\"col-lg-4 col-md-6\">\n\n                                    <div class=\"elementskit-post-image-card\">\n                        <div class=\"elementskit-entry-header\">\n                                                            <a href=\"https:\/\/psychoseksuolog.com.pl\/dev\/zmiana-myslenia-zmiana-zycia\/\" class=\"elementskit-entry-thumb\">\n                                    <img decoding=\"async\" src=\"https:\/\/psychoseksuolog.com.pl\/dev\/wp-content\/uploads\/2025\/03\/Rectangle-37-2.png\" alt=\"Zmiana my\u015blenia \u2028- zmiana \u017cycia\">\n                                <\/a><!-- .elementskit-entry-thumb END -->\n                                                                                                    <div class=\"elementskit-meta-lists elementskit-style-tag\">\n                                        <div class=\"elementskit-single-meta triangle_left\"><span class=\"elementskit-meta-wraper\"><strong>15<\/strong>mar<\/span><\/div>\n                                    <\/div>\n                                                                                            \n                                                            <div class=\"elementskit-meta-categories\">\n                                    <span class=\"elementskit-meta-wraper\">\n                                        <span><a href=\"https:\/\/psychoseksuolog.com.pl\/dev\/category\/strefa-pacjenta\/psychoterapia\/\" rel=\"category tag\">Psychoterapia<\/a><\/span>\n                                    <\/span>\n                                <\/div>\n                            \n\t\t\t\t\t\t\t\t\t\t\t\t\t<\/div><!-- .elementskit-entry-header END -->\n\n\t\t\t\t\t\t<div class=\"elementskit-post-body \">\n\t\t\t\t\t\t\t\n\t\t\t\t\t\t\t\t\t\t\t\t\t\t\t\t\t\t\t\t\t\t\t\t\t\t\t\t\t\t\n\t\t\t\t\t\t\t\t\n\t\t\t\t\t\t\t\t\t\t\t\t\t\t\t\t\t\t\t\t\t<h2 class=\"entry-title\">\n\t\t\t\t\t<a href=\"https:\/\/psychoseksuolog.com.pl\/dev\/zmiana-myslenia-zmiana-zycia\/\">\n\t\t\t\t\t\tZmiana my\u015blenia \u2028- zmiana \u017cycia\t\t\t\t\t<\/a>\n\t\t\t\t<\/h2>\n\t\t\t\t\t\t\t\t\t\t\t\t\t\t\t\t\t\t\t\t\t\t\t\t\t\t\t\t\t\t\t\t\t\t\t\t\t\t\t\t\t\t<p>Terapia schematu to podej\u015bcie psychoterapeutyczne, kt\u00f3re pomaga zrozumie\u0107, jak nasze g\u0142\u0119bokie przekonania \u2028i wzorce my\u015blenia kszta\u0142tuj\u0105 nasze \u017cycie oraz&hellip;<\/p>\n\t\t\t\t\t\t\t\t\t\t\t\t\t\t\t\t\t\t\t\t\t\t                                                    <\/div><!-- .elementskit-post-body END -->\n                    <\/div>\n                \n            <\/div>\n                    <div class=\"col-lg-4 col-md-6\">\n\n                                    <div class=\"elementskit-post-image-card\">\n                        <div class=\"elementskit-entry-header\">\n                                                            <a href=\"https:\/\/psychoseksuolog.com.pl\/dev\/komunikacja-w-relacji-klucz-do-zrozumienia\/\" class=\"elementskit-entry-thumb\">\n                                    <img decoding=\"async\" src=\"https:\/\/psychoseksuolog.com.pl\/dev\/wp-content\/uploads\/2025\/03\/Rectangle-37-1.png\" alt=\"Komunikacja w relacji \u2013 klucz do zrozumienia\">\n                                <\/a><!-- .elementskit-entry-thumb END -->\n                                                                                                    <div class=\"elementskit-meta-lists elementskit-style-tag\">\n                                        <div class=\"elementskit-single-meta triangle_left\"><span class=\"elementskit-meta-wraper\"><strong>10<\/strong>mar<\/span><\/div>\n                                    <\/div>\n                                                                                            \n                                                            <div class=\"elementskit-meta-categories\">\n                                    <span class=\"elementskit-meta-wraper\">\n                                        <span><a href=\"https:\/\/psychoseksuolog.com.pl\/dev\/category\/strefa-pacjenta\/terapia-par\/\" rel=\"category tag\">Terapia par<\/a><\/span>\n                                    <\/span>\n                                <\/div>\n                            \n\t\t\t\t\t\t\t\t\t\t\t\t\t<\/div><!-- .elementskit-entry-header END -->\n\n\t\t\t\t\t\t<div class=\"elementskit-post-body \">\n\t\t\t\t\t\t\t\n\t\t\t\t\t\t\t\t\t\t\t\t\t\t\t\t\t\t\t\t\t\t\t\t\t\t\t\t\t\t\n\t\t\t\t\t\t\t\t\n\t\t\t\t\t\t\t\t\t\t\t\t\t\t\t\t\t\t\t\t\t<h2 class=\"entry-title\">\n\t\t\t\t\t<a href=\"https:\/\/psychoseksuolog.com.pl\/dev\/komunikacja-w-relacji-klucz-do-zrozumienia\/\">\n\t\t\t\t\t\tKomunikacja w relacji \u2013 klucz do zrozumienia\t\t\t\t\t<\/a>\n\t\t\t\t<\/h2>\n\t\t\t\t\t\t\t\t\t\t\t\t\t\t\t\t\t\t\t\t\t\t\t\t\t\t\t\t\t\t\t\t\t\t\t\t\t\t\t\t\t\t<p>Komunikacja w zwi\u0105zku jest fundamentem ka\u017cdej relacji. To spos\u00f3b, w jaki wyra\u017camy swoje uczucia, potrzeby i obawy, \u2028a tak\u017ce&hellip;<\/p>\n\t\t\t\t\t\t\t\t\t\t\t\t\t\t\t\t\t\t\t\t\t\t                                                    <\/div><!-- .elementskit-post-body END -->\n                    <\/div>\n                \n            <\/div>\n                <\/div>\n       <\/div>\t\t\t\t<\/div>\n\t\t\t\t<\/div>\n\t\t\t\t\t<\/div>\n\t\t\t\t<\/div>\n\t\t\t\t<\/div>\n\t\t\n    <div class=\"xs_social_share_widget xs_share_url after_content \t\tmain_content  wslu-style-1 wslu-share-box-shaped wslu-fill-colored wslu-none wslu-share-horizontal wslu-theme-font-no wslu-main_content\">\n\n\t\t\n        <ul>\n\t\t\t        <\/ul>\n    <\/div> \n","protected":false},"excerpt":{"rendered":"<p>26mar Seksualno\u015b\u0107 Porozmawiajmy &#8211; kr\u00f3tki wywiad o seksualno\u015bci Seksuolog czyli w zasadzie kto? PFC: Profesjonalista, kt\u00f3ry zajmuje si\u0119 leczeniem, poradnictwem, terapi\u0105 w obszarze \u017cycia seksualnego.Seksuologiem w Polsce&hellip; 26mar W gabinecie Pierwsza\u2028 wizyta Obawy zwi\u0105zane z wizyt\u0105 u psychologa s\u0105 zupe\u0142nie normalne. L\u0119k przed ocen\u0105 czy krytyk\u0105 decyzji lub zachowa\u0144, \u2028kt\u00f3re zostan\u0105&hellip; 26mar Seksualno\u015b\u0107 Grupa wsparcia [&hellip;]<\/p>\n","protected":false},"author":1,"featured_media":0,"parent":0,"menu_order":0,"comment_status":"closed","ping_status":"closed","template":"","meta":{"inline_featured_image":false,"footnotes":""},"class_list":["post-474","page","type-page","status-publish","hentry"],"_links":{"self":[{"href":"https:\/\/psychoseksuolog.com.pl\/dev\/wp-json\/wp\/v2\/pages\/474","targetHints":{"allow":["GET"]}}],"collection":[{"href":"https:\/\/psychoseksuolog.com.pl\/dev\/wp-json\/wp\/v2\/pages"}],"about":[{"href":"https:\/\/psychoseksuolog.com.pl\/dev\/wp-json\/wp\/v2\/types\/page"}],"author":[{"embeddable":true,"href":"https:\/\/psychoseksuolog.com.pl\/dev\/wp-json\/wp\/v2\/users\/1"}],"replies":[{"embeddable":true,"href":"https:\/\/psychoseksuolog.com.pl\/dev\/wp-json\/wp\/v2\/comments?post=474"}],"version-history":[{"count":105,"href":"https:\/\/psychoseksuolog.com.pl\/dev\/wp-json\/wp\/v2\/pages\/474\/revisions"}],"predecessor-version":[{"id":1166,"href":"https:\/\/psychoseksuolog.com.pl\/dev\/wp-json\/wp\/v2\/pages\/474\/revisions\/1166"}],"wp:attachment":[{"href":"https:\/\/psychoseksuolog.com.pl\/dev\/wp-json\/wp\/v2\/media?parent=474"}],"curies":[{"name":"wp","href":"https:\/\/api.w.org\/{rel}","templated":true}]}}