{"id":869,"date":"2025-03-31T10:52:48","date_gmt":"2025-03-31T08:52:48","guid":{"rendered":"https:\/\/psychoseksuolog.com.pl\/dev\/?page_id=869"},"modified":"2025-04-04T10:33:19","modified_gmt":"2025-04-04T08:33:19","slug":"oferta-psychoterapia-indywidualna","status":"publish","type":"page","link":"https:\/\/psychoseksuolog.com.pl\/dev\/oferta-psychoterapia-indywidualna\/","title":{"rendered":"Oferta &#8211; Psychoterapia indywidualna"},"content":{"rendered":"\t\t<div data-elementor-type=\"wp-page\" data-elementor-id=\"869\" class=\"elementor elementor-869\" data-elementor-post-type=\"page\">\n\t\t\t\t<div class=\"elementor-element elementor-element-2ee77b6c e-flex e-con-boxed e-con e-parent\" data-id=\"2ee77b6c\" data-element_type=\"container\" data-settings=\"{&quot;background_background&quot;:&quot;classic&quot;}\">\n\t\t\t\t\t<div class=\"e-con-inner\">\n\t\t<div class=\"elementor-element elementor-element-39000997 e-con-full e-flex e-con e-child\" data-id=\"39000997\" data-element_type=\"container\">\n\t\t\t\t<div class=\"elementor-element elementor-element-59d012a0 elementor-widget elementor-widget-heading\" data-id=\"59d012a0\" data-element_type=\"widget\" data-widget_type=\"heading.default\">\n\t\t\t\t<div class=\"elementor-widget-container\">\n\t\t\t\t\t<h1 class=\"elementor-heading-title elementor-size-default\">OFERTA<\/h1>\t\t\t\t<\/div>\n\t\t\t\t<\/div>\n\t\t\t\t<\/div>\n\t\t\t\t\t<\/div>\n\t\t\t\t<\/div>\n\t\t<div class=\"elementor-element elementor-element-6b823ff2 e-flex e-con-boxed e-con e-parent\" data-id=\"6b823ff2\" data-element_type=\"container\">\n\t\t\t\t\t<div class=\"e-con-inner\">\n\t\t<div class=\"elementor-element elementor-element-552a36b8 e-con-full e-flex e-con e-child\" data-id=\"552a36b8\" data-element_type=\"container\">\n\t\t<div class=\"elementor-element elementor-element-59fe58d5 e-con-full e-flex e-con e-child\" data-id=\"59fe58d5\" data-element_type=\"container\">\n\t\t\t\t<div class=\"elementor-element elementor-element-751959fb elementor-align-justify elementor-widget elementor-widget-button\" data-id=\"751959fb\" data-element_type=\"widget\" data-widget_type=\"button.default\">\n\t\t\t\t<div class=\"elementor-widget-container\">\n\t\t\t\t\t\t\t\t\t<div class=\"elementor-button-wrapper\">\n\t\t\t\t\t<a class=\"elementor-button elementor-button-link elementor-size-sm\" href=\"https:\/\/psychoseksuolog.com.pl\/dev\/oferta-konsultacje-seksuologiczne\">\n\t\t\t\t\t\t<span class=\"elementor-button-content-wrapper\">\n\t\t\t\t\t\t\t\t\t<span class=\"elementor-button-text\">Konsultacje seksuologiczne \/\u2028Psychoterapia seksuologiczna<\/span>\n\t\t\t\t\t<\/span>\n\t\t\t\t\t<\/a>\n\t\t\t\t<\/div>\n\t\t\t\t\t\t\t\t<\/div>\n\t\t\t\t<\/div>\n\t\t\t\t<div class=\"elementor-element elementor-element-791a472e elementor-align-justify elementor-widget elementor-widget-button\" data-id=\"791a472e\" data-element_type=\"widget\" data-widget_type=\"button.default\">\n\t\t\t\t<div class=\"elementor-widget-container\">\n\t\t\t\t\t\t\t\t\t<div class=\"elementor-button-wrapper\">\n\t\t\t\t\t<a class=\"elementor-button elementor-button-link elementor-size-sm\" href=\"https:\/\/psychoseksuolog.com.pl\/dev\/oferta-psychoterapia-indywidualna\">\n\t\t\t\t\t\t<span class=\"elementor-button-content-wrapper\">\n\t\t\t\t\t\t\t\t\t<span class=\"elementor-button-text\">Psychoterapia indywidualna<\/span>\n\t\t\t\t\t<\/span>\n\t\t\t\t\t<\/a>\n\t\t\t\t<\/div>\n\t\t\t\t\t\t\t\t<\/div>\n\t\t\t\t<\/div>\n\t\t\t\t<div class=\"elementor-element elementor-element-a3f13a7 elementor-align-justify elementor-widget elementor-widget-button\" data-id=\"a3f13a7\" data-element_type=\"widget\" data-widget_type=\"button.default\">\n\t\t\t\t<div class=\"elementor-widget-container\">\n\t\t\t\t\t\t\t\t\t<div class=\"elementor-button-wrapper\">\n\t\t\t\t\t<a class=\"elementor-button elementor-button-link elementor-size-sm\" href=\"https:\/\/psychoseksuolog.com.pl\/dev\/oferta-psychoterapia-par\">\n\t\t\t\t\t\t<span class=\"elementor-button-content-wrapper\">\n\t\t\t\t\t\t\t\t\t<span class=\"elementor-button-text\">Psychoterapia par<\/span>\n\t\t\t\t\t<\/span>\n\t\t\t\t\t<\/a>\n\t\t\t\t<\/div>\n\t\t\t\t\t\t\t\t<\/div>\n\t\t\t\t<\/div>\n\t\t\t\t<div class=\"elementor-element elementor-element-397a5f31 elementor-align-justify elementor-widget elementor-widget-button\" data-id=\"397a5f31\" data-element_type=\"widget\" data-widget_type=\"button.default\">\n\t\t\t\t<div class=\"elementor-widget-container\">\n\t\t\t\t\t\t\t\t\t<div class=\"elementor-button-wrapper\">\n\t\t\t\t\t<a class=\"elementor-button elementor-button-link elementor-size-sm\" href=\"https:\/\/psychoseksuolog.com.pl\/dev\/oferta-warsztaty-i-szkolenia\">\n\t\t\t\t\t\t<span class=\"elementor-button-content-wrapper\">\n\t\t\t\t\t\t\t\t\t<span class=\"elementor-button-text\">Warsztaty i szkolenia<\/span>\n\t\t\t\t\t<\/span>\n\t\t\t\t\t<\/a>\n\t\t\t\t<\/div>\n\t\t\t\t\t\t\t\t<\/div>\n\t\t\t\t<\/div>\n\t\t\t\t<div class=\"elementor-element elementor-element-5b302ea3 elementor-align-justify elementor-widget elementor-widget-button\" data-id=\"5b302ea3\" data-element_type=\"widget\" data-widget_type=\"button.default\">\n\t\t\t\t<div class=\"elementor-widget-container\">\n\t\t\t\t\t\t\t\t\t<div class=\"elementor-button-wrapper\">\n\t\t\t\t\t<a class=\"elementor-button elementor-button-link elementor-size-sm\" href=\"https:\/\/psychoseksuolog.com.pl\/dev\/oferta-superwizje\">\n\t\t\t\t\t\t<span class=\"elementor-button-content-wrapper\">\n\t\t\t\t\t\t\t\t\t<span class=\"elementor-button-text\">Superwizje<\/span>\n\t\t\t\t\t<\/span>\n\t\t\t\t\t<\/a>\n\t\t\t\t<\/div>\n\t\t\t\t\t\t\t\t<\/div>\n\t\t\t\t<\/div>\n\t\t\t\t<div class=\"elementor-element elementor-element-d3d1b38 elementor-align-justify elementor-widget elementor-widget-button\" data-id=\"d3d1b38\" data-element_type=\"widget\" data-widget_type=\"button.default\">\n\t\t\t\t<div class=\"elementor-widget-container\">\n\t\t\t\t\t\t\t\t\t<div class=\"elementor-button-wrapper\">\n\t\t\t\t\t<a class=\"elementor-button elementor-button-link elementor-size-sm\" href=\"https:\/\/psychoseksuolog.com.pl\/dev\/oferta-gabinety-wspolpracujace\">\n\t\t\t\t\t\t<span class=\"elementor-button-content-wrapper\">\n\t\t\t\t\t\t\t\t\t<span class=\"elementor-button-text\">Gabinety wsp\u00f3\u0142pracuj\u0105ce<\/span>\n\t\t\t\t\t<\/span>\n\t\t\t\t\t<\/a>\n\t\t\t\t<\/div>\n\t\t\t\t\t\t\t\t<\/div>\n\t\t\t\t<\/div>\n\t\t\t\t<\/div>\n\t\t<div class=\"elementor-element elementor-element-5a16559a e-con-full e-flex e-con e-child\" data-id=\"5a16559a\" data-element_type=\"container\" data-settings=\"{&quot;background_background&quot;:&quot;classic&quot;}\">\n\t\t\t\t<div class=\"elementor-element elementor-element-61bde758 elementor-view-stacked elementor-shape-circle elementor-position-top elementor-mobile-position-top elementor-widget elementor-widget-icon-box\" data-id=\"61bde758\" data-element_type=\"widget\" data-widget_type=\"icon-box.default\">\n\t\t\t\t<div class=\"elementor-widget-container\">\n\t\t\t\t\t\t\t<div class=\"elementor-icon-box-wrapper\">\n\n\t\t\t\t\t\t<div class=\"elementor-icon-box-icon\">\n\t\t\t\t<span  class=\"elementor-icon\">\n\t\t\t\t<svg aria-hidden=\"true\" class=\"e-font-icon-svg e-fas-phone-alt\" viewBox=\"0 0 512 512\" xmlns=\"http:\/\/www.w3.org\/2000\/svg\"><path d=\"M497.39 361.8l-112-48a24 24 0 0 0-28 6.9l-49.6 60.6A370.66 370.66 0 0 1 130.6 204.11l60.6-49.6a23.94 23.94 0 0 0 6.9-28l-48-112A24.16 24.16 0 0 0 122.6.61l-104 24A24 24 0 0 0 0 48c0 256.5 207.9 464 464 464a24 24 0 0 0 23.4-18.6l24-104a24.29 24.29 0 0 0-14.01-27.6z\"><\/path><\/svg>\t\t\t\t<\/span>\n\t\t\t<\/div>\n\t\t\t\n\t\t\t\t\t\t<div class=\"elementor-icon-box-content\">\n\n\t\t\t\t\t\t\t\t\t<h5 class=\"elementor-icon-box-title\">\n\t\t\t\t\t\t<span  >\n\t\t\t\t\t\t\tPotrzebujesz pomocy? Zadzwo\u0144\t\t\t\t\t\t<\/span>\n\t\t\t\t\t<\/h5>\n\t\t\t\t\n\t\t\t\t\t\t\t\t\t<p class=\"elementor-icon-box-description\">\n\t\t\t\t\t\t+48 512 667 525\t\t\t\t\t<\/p>\n\t\t\t\t\n\t\t\t<\/div>\n\t\t\t\n\t\t<\/div>\n\t\t\t\t\t\t<\/div>\n\t\t\t\t<\/div>\n\t\t\t\t<div class=\"elementor-element elementor-element-7782d59b elementor-align-justify elementor-widget elementor-widget-button\" data-id=\"7782d59b\" data-element_type=\"widget\" data-widget_type=\"button.default\">\n\t\t\t\t<div class=\"elementor-widget-container\">\n\t\t\t\t\t\t\t\t\t<div class=\"elementor-button-wrapper\">\n\t\t\t\t\t<a class=\"elementor-button elementor-button-link elementor-size-sm elementor-animation-grow\" href=\"#\">\n\t\t\t\t\t\t<span class=\"elementor-button-content-wrapper\">\n\t\t\t\t\t\t\t\t\t<span class=\"elementor-button-text\">FORMULARZ KONTAKTOWY<\/span>\n\t\t\t\t\t<\/span>\n\t\t\t\t\t<\/a>\n\t\t\t\t<\/div>\n\t\t\t\t\t\t\t\t<\/div>\n\t\t\t\t<\/div>\n\t\t\t\t<\/div>\n\t\t\t\t<\/div>\n\t\t<div class=\"elementor-element elementor-element-135bc1ae e-con-full e-flex e-con e-child\" data-id=\"135bc1ae\" data-element_type=\"container\">\n\t\t\t\t<div class=\"elementor-element elementor-element-2411a6b elementor-widget elementor-widget-heading\" data-id=\"2411a6b\" data-element_type=\"widget\" data-widget_type=\"heading.default\">\n\t\t\t\t<div class=\"elementor-widget-container\">\n\t\t\t\t\t<h2 class=\"elementor-heading-title elementor-size-default\">Psychoterapia indywidualna<\/h2>\t\t\t\t<\/div>\n\t\t\t\t<\/div>\n\t\t\t\t<div class=\"elementor-element elementor-element-e526ba7 elementor-icon-list--layout-traditional elementor-list-item-link-full_width elementor-widget elementor-widget-icon-list\" data-id=\"e526ba7\" data-element_type=\"widget\" data-widget_type=\"icon-list.default\">\n\t\t\t\t<div class=\"elementor-widget-container\">\n\t\t\t\t\t\t\t<ul class=\"elementor-icon-list-items\">\n\t\t\t\t\t\t\t<li class=\"elementor-icon-list-item\">\n\t\t\t\t\t\t\t\t\t\t\t<span class=\"elementor-icon-list-icon\">\n\t\t\t\t\t\t\t<svg aria-hidden=\"true\" class=\"e-font-icon-svg e-fas-circle\" viewBox=\"0 0 512 512\" xmlns=\"http:\/\/www.w3.org\/2000\/svg\"><path d=\"M256 8C119 8 8 119 8 256s111 248 248 248 248-111 248-248S393 8 256 8z\"><\/path><\/svg>\t\t\t\t\t\t<\/span>\n\t\t\t\t\t\t\t\t\t\t<span class=\"elementor-icon-list-text\">Zaburzenia osobowo\u015bci<\/span>\n\t\t\t\t\t\t\t\t\t<\/li>\n\t\t\t\t\t\t\t\t<li class=\"elementor-icon-list-item\">\n\t\t\t\t\t\t\t\t\t\t\t<span class=\"elementor-icon-list-icon\">\n\t\t\t\t\t\t\t<svg aria-hidden=\"true\" class=\"e-font-icon-svg e-fas-circle\" viewBox=\"0 0 512 512\" xmlns=\"http:\/\/www.w3.org\/2000\/svg\"><path d=\"M256 8C119 8 8 119 8 256s111 248 248 248 248-111 248-248S393 8 256 8z\"><\/path><\/svg>\t\t\t\t\t\t<\/span>\n\t\t\t\t\t\t\t\t\t\t<span class=\"elementor-icon-list-text\">zaburzenia nastroju (depresja, choroba dwubiegunowa afektywna)<\/span>\n\t\t\t\t\t\t\t\t\t<\/li>\n\t\t\t\t\t\t\t\t<li class=\"elementor-icon-list-item\">\n\t\t\t\t\t\t\t\t\t\t\t<span class=\"elementor-icon-list-icon\">\n\t\t\t\t\t\t\t<svg aria-hidden=\"true\" class=\"e-font-icon-svg e-fas-circle\" viewBox=\"0 0 512 512\" xmlns=\"http:\/\/www.w3.org\/2000\/svg\"><path d=\"M256 8C119 8 8 119 8 256s111 248 248 248 248-111 248-248S393 8 256 8z\"><\/path><\/svg>\t\t\t\t\t\t<\/span>\n\t\t\t\t\t\t\t\t\t\t<span class=\"elementor-icon-list-text\">zaburzenia l\u0119kowe (fobie, napady paniki, l\u0119k spo\u0142eczny, l\u0119k o zdrowie, l\u0119k uog\u00f3lniony)<\/span>\n\t\t\t\t\t\t\t\t\t<\/li>\n\t\t\t\t\t\t\t\t<li class=\"elementor-icon-list-item\">\n\t\t\t\t\t\t\t\t\t\t\t<span class=\"elementor-icon-list-icon\">\n\t\t\t\t\t\t\t<svg aria-hidden=\"true\" class=\"e-font-icon-svg e-fas-circle\" viewBox=\"0 0 512 512\" xmlns=\"http:\/\/www.w3.org\/2000\/svg\"><path d=\"M256 8C119 8 8 119 8 256s111 248 248 248 248-111 248-248S393 8 256 8z\"><\/path><\/svg>\t\t\t\t\t\t<\/span>\n\t\t\t\t\t\t\t\t\t\t<span class=\"elementor-icon-list-text\">zaburzenia obsesyjno-kompulsyjne OCD<\/span>\n\t\t\t\t\t\t\t\t\t<\/li>\n\t\t\t\t\t\t\t\t<li class=\"elementor-icon-list-item\">\n\t\t\t\t\t\t\t\t\t\t\t<span class=\"elementor-icon-list-icon\">\n\t\t\t\t\t\t\t<svg aria-hidden=\"true\" class=\"e-font-icon-svg e-fas-circle\" viewBox=\"0 0 512 512\" xmlns=\"http:\/\/www.w3.org\/2000\/svg\"><path d=\"M256 8C119 8 8 119 8 256s111 248 248 248 248-111 248-248S393 8 256 8z\"><\/path><\/svg>\t\t\t\t\t\t<\/span>\n\t\t\t\t\t\t\t\t\t\t<span class=\"elementor-icon-list-text\">k\u0142opoty ze snem<\/span>\n\t\t\t\t\t\t\t\t\t<\/li>\n\t\t\t\t\t\t\t\t<li class=\"elementor-icon-list-item\">\n\t\t\t\t\t\t\t\t\t\t\t<span class=\"elementor-icon-list-icon\">\n\t\t\t\t\t\t\t<svg aria-hidden=\"true\" class=\"e-font-icon-svg e-fas-circle\" viewBox=\"0 0 512 512\" xmlns=\"http:\/\/www.w3.org\/2000\/svg\"><path d=\"M256 8C119 8 8 119 8 256s111 248 248 248 248-111 248-248S393 8 256 8z\"><\/path><\/svg>\t\t\t\t\t\t<\/span>\n\t\t\t\t\t\t\t\t\t\t<span class=\"elementor-icon-list-text\">stres<\/span>\n\t\t\t\t\t\t\t\t\t<\/li>\n\t\t\t\t\t\t\t\t<li class=\"elementor-icon-list-item\">\n\t\t\t\t\t\t\t\t\t\t\t<span class=\"elementor-icon-list-icon\">\n\t\t\t\t\t\t\t<svg aria-hidden=\"true\" class=\"e-font-icon-svg e-fas-circle\" viewBox=\"0 0 512 512\" xmlns=\"http:\/\/www.w3.org\/2000\/svg\"><path d=\"M256 8C119 8 8 119 8 256s111 248 248 248 248-111 248-248S393 8 256 8z\"><\/path><\/svg>\t\t\t\t\t\t<\/span>\n\t\t\t\t\t\t\t\t\t\t<span class=\"elementor-icon-list-text\">nie\u015bmia\u0142o\u015b\u0107<\/span>\n\t\t\t\t\t\t\t\t\t<\/li>\n\t\t\t\t\t\t\t\t<li class=\"elementor-icon-list-item\">\n\t\t\t\t\t\t\t\t\t\t\t<span class=\"elementor-icon-list-icon\">\n\t\t\t\t\t\t\t<svg aria-hidden=\"true\" class=\"e-font-icon-svg e-fas-circle\" viewBox=\"0 0 512 512\" xmlns=\"http:\/\/www.w3.org\/2000\/svg\"><path d=\"M256 8C119 8 8 119 8 256s111 248 248 248 248-111 248-248S393 8 256 8z\"><\/path><\/svg>\t\t\t\t\t\t<\/span>\n\t\t\t\t\t\t\t\t\t\t<span class=\"elementor-icon-list-text\">niska samoocena<\/span>\n\t\t\t\t\t\t\t\t\t<\/li>\n\t\t\t\t\t\t\t\t<li class=\"elementor-icon-list-item\">\n\t\t\t\t\t\t\t\t\t\t\t<span class=\"elementor-icon-list-icon\">\n\t\t\t\t\t\t\t<svg aria-hidden=\"true\" class=\"e-font-icon-svg e-fas-circle\" viewBox=\"0 0 512 512\" xmlns=\"http:\/\/www.w3.org\/2000\/svg\"><path d=\"M256 8C119 8 8 119 8 256s111 248 248 248 248-111 248-248S393 8 256 8z\"><\/path><\/svg>\t\t\t\t\t\t<\/span>\n\t\t\t\t\t\t\t\t\t\t<span class=\"elementor-icon-list-text\">trudne, traumatyczne wydarzenia, PTSD<\/span>\n\t\t\t\t\t\t\t\t\t<\/li>\n\t\t\t\t\t\t\t\t<li class=\"elementor-icon-list-item\">\n\t\t\t\t\t\t\t\t\t\t\t<span class=\"elementor-icon-list-icon\">\n\t\t\t\t\t\t\t<svg aria-hidden=\"true\" class=\"e-font-icon-svg e-fas-circle\" viewBox=\"0 0 512 512\" xmlns=\"http:\/\/www.w3.org\/2000\/svg\"><path d=\"M256 8C119 8 8 119 8 256s111 248 248 248 248-111 248-248S393 8 256 8z\"><\/path><\/svg>\t\t\t\t\t\t<\/span>\n\t\t\t\t\t\t\t\t\t\t<span class=\"elementor-icon-list-text\">inne<\/span>\n\t\t\t\t\t\t\t\t\t<\/li>\n\t\t\t\t\t\t<\/ul>\n\t\t\t\t\t\t<\/div>\n\t\t\t\t<\/div>\n\t\t\t\t<div class=\"elementor-element elementor-element-1c6d4fdc elementor-widget elementor-widget-heading\" data-id=\"1c6d4fdc\" data-element_type=\"widget\" data-widget_type=\"heading.default\">\n\t\t\t\t<div class=\"elementor-widget-container\">\n\t\t\t\t\t<h3 class=\"elementor-heading-title elementor-size-default\">Cennik<\/h3>\t\t\t\t<\/div>\n\t\t\t\t<\/div>\n\t\t\t\t<div class=\"elementor-element elementor-element-1eebed6d elementor-widget elementor-widget-text-editor\" data-id=\"1eebed6d\" data-element_type=\"widget\" data-widget_type=\"text-editor.default\">\n\t\t\t\t<div class=\"elementor-widget-container\">\n\t\t\t\t\t\t\t\t\t<p>Konsultacje seksuologiczna \/ psychoterapia seksuologiczna 280z\u0142\/50min.<\/p>\t\t\t\t\t\t\t\t<\/div>\n\t\t\t\t<\/div>\n\t\t<div class=\"elementor-element elementor-element-73e5feea e-con-full e-flex e-con e-child\" data-id=\"73e5feea\" data-element_type=\"container\">\n\t\t\t\t<div class=\"elementor-element elementor-element-2b4624d3 elementor-icon-list--layout-traditional elementor-list-item-link-full_width elementor-widget elementor-widget-icon-list\" data-id=\"2b4624d3\" data-element_type=\"widget\" data-widget_type=\"icon-list.default\">\n\t\t\t\t<div class=\"elementor-widget-container\">\n\t\t\t\t\t\t\t<ul class=\"elementor-icon-list-items\">\n\t\t\t\t\t\t\t<li class=\"elementor-icon-list-item\">\n\t\t\t\t\t\t\t\t\t\t\t<span class=\"elementor-icon-list-icon\">\n\t\t\t\t\t\t\t<svg xmlns=\"http:\/\/www.w3.org\/2000\/svg\" width=\"43\" height=\"43\" viewBox=\"0 0 43 43\" fill=\"none\"><rect width=\"43\" height=\"43\" rx=\"21.5\" fill=\"#9CE1D3\"><\/rect><mask id=\"mask0_164_773\" style=\"mask-type:luminance\" maskUnits=\"userSpaceOnUse\" x=\"11\" y=\"13\" width=\"22\" height=\"16\"><path d=\"M11 13H32.3333V29H11V13Z\" fill=\"white\"><\/path><\/mask><g mask=\"url(#mask0_164_773)\"><path fill-rule=\"evenodd\" clip-rule=\"evenodd\" d=\"M11 13V29H32.3333V13H11Z\" fill=\"#2E42A5\"><\/path><mask id=\"mask1_164_773\" style=\"mask-type:luminance\" maskUnits=\"userSpaceOnUse\" x=\"11\" y=\"13\" width=\"22\" height=\"16\"><path fill-rule=\"evenodd\" clip-rule=\"evenodd\" d=\"M11 13V29H32.3333V13H11Z\" fill=\"white\"><\/path><\/mask><g mask=\"url(#mask1_164_773)\"><mask id=\"mask2_164_773\" style=\"mask-type:luminance\" maskUnits=\"userSpaceOnUse\" x=\"11\" y=\"13\" width=\"22\" height=\"16\"><path d=\"M11 13H32.3333V29H11V13Z\" fill=\"white\"><\/path><\/mask><g mask=\"url(#mask2_164_773)\"><path d=\"M8.62451 27.8572L13.319 29.8425L32.4398 15.1588L34.916 12.2085L29.896 11.5449L22.0971 17.8726L15.8197 22.1359L8.62451 27.8572Z\" fill=\"white\"><\/path><path d=\"M9.26733 29.2479L11.6589 30.4L34.027 11.9341H30.6689L9.26733 29.2479Z\" fill=\"#F50100\"><\/path><path d=\"M34.7087 27.8572L30.0143 29.8425L10.8935 15.1588L8.41724 12.2085L13.4373 11.5449L21.2362 17.8726L27.5135 22.1359L34.7087 27.8572Z\" fill=\"white\"><\/path><path d=\"M34.5486 28.8557L32.157 30.0078L22.6324 22.1016L19.8086 21.2182L8.17896 12.2188H11.5371L23.1602 21.0046L26.2475 22.0639L34.5486 28.8557Z\" fill=\"#F50100\"><\/path><path fill-rule=\"evenodd\" clip-rule=\"evenodd\" d=\"M24.1852 11.667H19.1482V18.3337H9.68506V23.667H19.1482V30.3337H24.1852V23.667H33.6851V18.3337H24.1852V11.667Z\" fill=\"#F50100\"><\/path><mask id=\"mask3_164_773\" style=\"mask-type:luminance\" maskUnits=\"userSpaceOnUse\" x=\"9\" y=\"11\" width=\"25\" height=\"20\"><path fill-rule=\"evenodd\" clip-rule=\"evenodd\" d=\"M24.1852 11.667H19.1482V18.3337H9.68506V23.667H19.1482V30.3337H24.1852V23.667H33.6851V18.3337H24.1852V11.667Z\" fill=\"white\"><\/path><\/mask><g mask=\"url(#mask3_164_773)\"><path d=\"M19.1483 11.6668V10.3335H17.815V11.6668H19.1483ZM24.1853 11.6668H25.5186V10.3335H24.1853V11.6668ZM19.1483 18.3335V19.6668H20.4816V18.3335H19.1483ZM9.68514 18.3335V17.0002H8.35181V18.3335H9.68514ZM9.68514 23.6668H8.35181V25.0002H9.68514V23.6668ZM19.1483 23.6668H20.4816V22.3335H19.1483V23.6668ZM19.1483 30.3335H17.815V31.6668H19.1483V30.3335ZM24.1853 30.3335V31.6668H25.5186V30.3335H24.1853ZM24.1853 23.6668V22.3335H22.852V23.6668H24.1853ZM33.6852 23.6668V25.0002H35.0185V23.6668H33.6852ZM33.6852 18.3335H35.0185V17.0002H33.6852V18.3335ZM24.1853 18.3335H22.852V19.6668H24.1853V18.3335ZM19.1483 13.0002H24.1853V10.3335H19.1483V13.0002ZM20.4816 18.3335V11.6668H17.815V18.3335H20.4816ZM9.68514 19.6668H19.1483V17.0002H9.68514V19.6668ZM11.0185 23.6668V18.3335H8.35181V23.6668H11.0185ZM19.1483 22.3335H9.68514V25.0002H19.1483V22.3335ZM20.4816 30.3335V23.6668H17.815V30.3335H20.4816ZM24.1853 29.0002H19.1483V31.6668H24.1853V29.0002ZM22.852 23.6668V30.3335H25.5186V23.6668H22.852ZM33.6852 22.3335H24.1853V25.0002H33.6852V22.3335ZM32.3518 18.3335V23.6668H35.0185V18.3335H32.3518ZM24.1853 19.6668H33.6852V17.0002H24.1853V19.6668ZM22.852 11.6668V18.3335H25.5186V11.6668H22.852Z\" fill=\"white\"><\/path><\/g><\/g><\/g><\/g><\/svg>\t\t\t\t\t\t<\/span>\n\t\t\t\t\t\t\t\t\t\t<span class=\"elementor-icon-list-text\">Psychotherapy and counseling in English \u2013 350zl\/400z\u0142.<\/span>\n\t\t\t\t\t\t\t\t\t<\/li>\n\t\t\t\t\t\t<\/ul>\n\t\t\t\t\t\t<\/div>\n\t\t\t\t<\/div>\n\t\t\t\t<\/div>\n\t\t<div class=\"elementor-element elementor-element-c60dccb e-con-full e-flex e-con e-child\" data-id=\"c60dccb\" data-element_type=\"container\">\n\t\t\t\t<div class=\"elementor-element elementor-element-4ab7c93 elementor-widget elementor-widget-image\" data-id=\"4ab7c93\" data-element_type=\"widget\" data-widget_type=\"image.default\">\n\t\t\t\t<div class=\"elementor-widget-container\">\n\t\t\t\t\t\t\t\t\t\t\t\t\t\t\t<img fetchpriority=\"high\" decoding=\"async\" width=\"800\" height=\"215\" src=\"https:\/\/psychoseksuolog.com.pl\/dev\/wp-content\/uploads\/2025\/03\/Frame-145.png\" class=\"attachment-large size-large wp-image-928\" alt=\"\" srcset=\"https:\/\/psychoseksuolog.com.pl\/dev\/wp-content\/uploads\/2025\/03\/Frame-145.png 850w, https:\/\/psychoseksuolog.com.pl\/dev\/wp-content\/uploads\/2025\/03\/Frame-145-300x80.png 300w, https:\/\/psychoseksuolog.com.pl\/dev\/wp-content\/uploads\/2025\/03\/Frame-145-768x206.png 768w\" sizes=\"(max-width: 800px) 100vw, 800px\" \/>\t\t\t\t\t\t\t\t\t\t\t\t\t\t\t<\/div>\n\t\t\t\t<\/div>\n\t\t\t\t<\/div>\n\t\t\t\t<\/div>\n\t\t\t\t\t<\/div>\n\t\t\t\t<\/div>\n\t\t<div class=\"elementor-element elementor-element-9c64d24 e-flex e-con-boxed e-con e-parent\" data-id=\"9c64d24\" data-element_type=\"container\" data-settings=\"{&quot;background_background&quot;:&quot;classic&quot;}\">\n\t\t\t\t\t<div class=\"e-con-inner\">\n\t\t\t\t<div class=\"elementor-element elementor-element-0bc2205 elementor-widget elementor-widget-heading\" data-id=\"0bc2205\" data-element_type=\"widget\" data-widget_type=\"heading.default\">\n\t\t\t\t<div class=\"elementor-widget-container\">\n\t\t\t\t\t<h4 class=\"elementor-heading-title elementor-size-default\">Prosz\u0119 o wcze\u015bniejsz\u0105 rejestracj\u0119 telefoniczn\u0105 w celu um\u00f3wienia wizyty. \u2028Nie odbieram telefonu w trakcie sesji, ale gwarantuj\u0119, \u017ce do Pa\u0144stwa oddzwoni\u0119.<\/h4>\t\t\t\t<\/div>\n\t\t\t\t<\/div>\n\t\t\t\t<div class=\"elementor-element elementor-element-29bd8a2 elementor-widget elementor-widget-heading\" data-id=\"29bd8a2\" data-element_type=\"widget\" data-widget_type=\"heading.default\">\n\t\t\t\t<div class=\"elementor-widget-container\">\n\t\t\t\t\t<h2 class=\"elementor-heading-title elementor-size-default\">Jako psycholog-seksuolog nie zajmuj\u0119 si\u0119 leczeniem farmakologicznym dysfunkcji oraz nie przeprowadzam bada\u0144 fizykalnych, nie wypisuj\u0119 recept ani zwolnie\u0144 \u2028lekarskich. W sytuacjach wymagaj\u0105cych konsultacji ze specjalistami z ginekologii, urologii czy psychiatrii posiadam odpowiednie kontakty. Posiadam natomiast kompetencje do prowadzenia terapii zaburze\u0144 powsta\u0142ych na tle psychogennym  oraz prowadzenia psychoterapii.\u200b<\/h2>\t\t\t\t<\/div>\n\t\t\t\t<\/div>\n\t\t\t\t\t<\/div>\n\t\t\t\t<\/div>\n\t\t\t\t<\/div>\n\t\t\n    <div class=\"xs_social_share_widget xs_share_url after_content \t\tmain_content  wslu-style-1 wslu-share-box-shaped wslu-fill-colored wslu-none wslu-share-horizontal wslu-theme-font-no wslu-main_content\">\n\n\t\t\n        <ul>\n\t\t\t        <\/ul>\n    <\/div> \n","protected":false},"excerpt":{"rendered":"<p>OFERTA Konsultacje seksuologiczne \/\u2028Psychoterapia seksuologiczna Psychoterapia indywidualna Psychoterapia par Warsztaty i szkolenia Superwizje Gabinety wsp\u00f3\u0142pracuj\u0105ce Potrzebujesz pomocy? Zadzwo\u0144 +48 512 667 525 FORMULARZ KONTAKTOWY Psychoterapia indywidualna Zaburzenia osobowo\u015bci zaburzenia nastroju (depresja, choroba dwubiegunowa afektywna) zaburzenia l\u0119kowe (fobie, napady paniki, l\u0119k spo\u0142eczny, l\u0119k o zdrowie, l\u0119k uog\u00f3lniony) zaburzenia obsesyjno-kompulsyjne OCD k\u0142opoty ze snem stres nie\u015bmia\u0142o\u015b\u0107 niska [&hellip;]<\/p>\n","protected":false},"author":1,"featured_media":0,"parent":0,"menu_order":0,"comment_status":"closed","ping_status":"closed","template":"","meta":{"inline_featured_image":false,"footnotes":""},"class_list":["post-869","page","type-page","status-publish","hentry"],"_links":{"self":[{"href":"https:\/\/psychoseksuolog.com.pl\/dev\/wp-json\/wp\/v2\/pages\/869","targetHints":{"allow":["GET"]}}],"collection":[{"href":"https:\/\/psychoseksuolog.com.pl\/dev\/wp-json\/wp\/v2\/pages"}],"about":[{"href":"https:\/\/psychoseksuolog.com.pl\/dev\/wp-json\/wp\/v2\/types\/page"}],"author":[{"embeddable":true,"href":"https:\/\/psychoseksuolog.com.pl\/dev\/wp-json\/wp\/v2\/users\/1"}],"replies":[{"embeddable":true,"href":"https:\/\/psychoseksuolog.com.pl\/dev\/wp-json\/wp\/v2\/comments?post=869"}],"version-history":[{"count":25,"href":"https:\/\/psychoseksuolog.com.pl\/dev\/wp-json\/wp\/v2\/pages\/869\/revisions"}],"predecessor-version":[{"id":1542,"href":"https:\/\/psychoseksuolog.com.pl\/dev\/wp-json\/wp\/v2\/pages\/869\/revisions\/1542"}],"wp:attachment":[{"href":"https:\/\/psychoseksuolog.com.pl\/dev\/wp-json\/wp\/v2\/media?parent=869"}],"curies":[{"name":"wp","href":"https:\/\/api.w.org\/{rel}","templated":true}]}}